{"id":18,"date":"2017-02-26T22:44:41","date_gmt":"2017-02-26T21:44:41","guid":{"rendered":"http:\/\/arztpraxisigel.de\/igel\/?page_id=18"},"modified":"2017-11-09T16:52:34","modified_gmt":"2017-11-09T15:52:34","slug":"spezielle-schmerztherapie","status":"publish","type":"page","link":"https:\/\/arztpraxisigel.de\/igel\/spezielle-schmerztherapie\/","title":{"rendered":"spezielle schmerztherapie"},"content":{"rendered":"<p><img decoding=\"async\" loading=\"lazy\" src=\"https:\/\/arztpraxisigel.de\/wp-content\/uploads\/2017\/02\/schmerztherapie01.jpg\" alt=\"\" width=\"625\" height=\"419\" class=\"alignleft size-full wp-image-487\" srcset=\"https:\/\/arztpraxisigel.de\/wp-content\/uploads\/2017\/02\/schmerztherapie01.jpg 625w, https:\/\/arztpraxisigel.de\/wp-content\/uploads\/2017\/02\/schmerztherapie01-300x201.jpg 300w, https:\/\/arztpraxisigel.de\/wp-content\/uploads\/2017\/02\/schmerztherapie01-624x418.jpg 624w\" sizes=\"(max-width: 625px) 100vw, 625px\" \/><\/p>\n<p class=\"ad\"><b>Fach\u00e4rztin f\u00fcr<\/b><br \/>\nPhysikalische und<br \/>\nRehabilitative Medizin<br \/>\nManuelle Therapie<br \/>\nOsteopathie<br \/>\nAkupunktur<br \/>\nund<br \/>\nSchmerztherapie<\/p>\n<h2>\n&nbsp;<br \/>\n&nbsp;<br \/>\nSpezielle Schmerztherapie<br \/>\n<\/h2>\n<p>Die spezielle Schmerztherapie basiert auf Kenntnissen der Schmerzforschung nach Prof. H. U. Gerbershagen im DRK-Schmerzzentrum Mainz. Dabei wird ein biopsychosoziales Krankheitsmodell zugrunde gelegt. Neben den m\u00f6glichen morphologischen Ursachen einer Erkrankung werden auch die psychischen und sozialen Aspekte der Chronifizierung betrachtet. Unsere Therapiekonzepte haben in jedem Fall die Vermeidung einer Schmerzchronifizierung zum Ziel. Dazu nutzen wir neben der Pharmakotherapie auch Manuelle Therapie\/Osteopathie, Akupunktur und Bewegungsschulung\/Krankengymnastik\/Sporttherapie.<\/p>\n<p>&nbsp;<\/p>\n<p>Grundlage ist eine strenge interdisziplin\u00e4re Zusammenarbeit, die nat\u00fcrlich viel Zeit in Anspruch nimmt. Unsere Praxis arbeitet eng mit Orthop\u00e4den, An\u00e4sthesisten, Neurologen\/Psychiatern und Psychologen zusammen. Wichtig ist auch die regelm\u00e4\u00dfige R\u00fccksprache mit den behandelnden Physiotherapeuten. Zus\u00e4tzlich findet monatlich eine Schmerzkonferenz im Prenzlauer Berg statt.<\/p>\n<p>&nbsp;<\/p>\n<p>Unerl\u00e4sslich ist der stetige Kontakt mit dem Hausarzt, um m\u00f6glichst fr\u00fchzeitig eine Schmerzchronifizierung des Patienten abzuwenden.<\/p>\n","protected":false},"excerpt":{"rendered":"<p>Fach\u00e4rztin f\u00fcr Physikalische und Rehabilitative Medizin Manuelle Therapie Osteopathie Akupunktur und Schmerztherapie &nbsp; &nbsp; Spezielle Schmerztherapie Die spezielle Schmerztherapie basiert auf Kenntnissen der Schmerzforschung nach Prof. H. U. Gerbershagen im DRK-Schmerzzentrum Mainz. Dabei wird ein biopsychosoziales Krankheitsmodell zugrunde gelegt. Neben den m\u00f6glichen morphologischen Ursachen einer Erkrankung werden auch die psychischen und sozialen Aspekte der Chronifizierung [&hellip;]<\/p>\n","protected":false},"author":1,"featured_media":0,"parent":0,"menu_order":1,"comment_status":"closed","ping_status":"closed","template":"page-templates\/full-width.php","meta":[],"_links":{"self":[{"href":"https:\/\/arztpraxisigel.de\/igel\/wp-json\/wp\/v2\/pages\/18"}],"collection":[{"href":"https:\/\/arztpraxisigel.de\/igel\/wp-json\/wp\/v2\/pages"}],"about":[{"href":"https:\/\/arztpraxisigel.de\/igel\/wp-json\/wp\/v2\/types\/page"}],"author":[{"embeddable":true,"href":"https:\/\/arztpraxisigel.de\/igel\/wp-json\/wp\/v2\/users\/1"}],"replies":[{"embeddable":true,"href":"https:\/\/arztpraxisigel.de\/igel\/wp-json\/wp\/v2\/comments?post=18"}],"version-history":[{"count":21,"href":"https:\/\/arztpraxisigel.de\/igel\/wp-json\/wp\/v2\/pages\/18\/revisions"}],"predecessor-version":[{"id":567,"href":"https:\/\/arztpraxisigel.de\/igel\/wp-json\/wp\/v2\/pages\/18\/revisions\/567"}],"wp:attachment":[{"href":"https:\/\/arztpraxisigel.de\/igel\/wp-json\/wp\/v2\/media?parent=18"}],"curies":[{"name":"wp","href":"https:\/\/api.w.org\/{rel}","templated":true}]}}