{"id":244,"date":"2017-03-29T11:38:24","date_gmt":"2017-03-29T09:38:24","guid":{"rendered":"http:\/\/arztpraxisigel.de\/igel\/?page_id=244"},"modified":"2017-11-21T14:35:09","modified_gmt":"2017-11-21T13:35:09","slug":"osteopathie","status":"publish","type":"page","link":"https:\/\/arztpraxisigel.de\/igel\/therapien\/osteopathie\/","title":{"rendered":"Osteopathie"},"content":{"rendered":"<p><img decoding=\"async\" loading=\"lazy\" src=\"https:\/\/arztpraxisigel.de\/wp-content\/uploads\/2017\/03\/8138_osteopathie.jpg\" alt=\"\" width=\"625\" height=\"418\" class=\"alignleft size-full wp-image-374\" srcset=\"https:\/\/arztpraxisigel.de\/wp-content\/uploads\/2017\/03\/8138_osteopathie.jpg 625w, https:\/\/arztpraxisigel.de\/wp-content\/uploads\/2017\/03\/8138_osteopathie-300x201.jpg 300w, https:\/\/arztpraxisigel.de\/wp-content\/uploads\/2017\/03\/8138_osteopathie-624x417.jpg 624w\" sizes=\"(max-width: 625px) 100vw, 625px\" \/><\/p>\n<p class=\"ad\">\n<b>Osteopathie<\/b><br \/>\n&nbsp;<br \/>\nparietal<br \/>\nviszeral<br \/>\ncraniosacral<\/p>\n<h2>\n&nbsp;<br \/>\n&nbsp;<br \/>\nOsteopathie<br \/>\n<\/h2>\n<p>Osteopathie bedeutet &#8222;Kranker Knochen&#8220;. Als vor ca. 120 Jahren der amerikanische Arzt Andrew Taylor Still die Osteopathie begr\u00fcndete, bezog sich das Therapieverfahren ausschlie\u00dflich auf das menschliche Skelett. Inzwischen hat sich die Osteopathie erheblich weiterentwickelt. <\/p>\n<p>&nbsp;<br \/>\nDie Osteopathie ist ein einzigartiges ganzheitliches Therapieverfahren zur Behandlung funktioneller St\u00f6rungen auf mehreren Ebenen. Alle Gewebe sind in Bewegung und harmonieren miteinander. Werden die Bewegungen einzelner K\u00f6rperstrukturen eingeschr\u00e4nkt, beeinflusst das deren Funktion. Jede kleinste Verletzung, jede durchlebte Erkrankung kann zu einer Bewegungseinschr\u00e4nkung f\u00fchren, welche lange Zeit vom menschlichen Organismus kompensiert werden muss. Ist die Kompensationsm\u00f6glichkeit des K\u00f6rpers ersch\u00f6pft, kann ein kleiner physischer oder psychischer Einfluss zur Dekompensation f\u00fchren und Schmerzen oder krankhafte Zust\u00e4nde hervorrufen. <\/p>\n<p>&nbsp;<\/p>\n<p>Ziel der Osteopathie ist es, den K\u00f6rper im Gleichgewicht zu halten, die Bewegungen aller Gewebe und Organe von Blockaden und Spannungen zu l\u00f6sen und eine gesunde Anpassungsf\u00e4higkeit des Organismus wieder herzustellen. Ein gesunder K\u00f6rper lebt von seiner Anpassungsf\u00e4higkeit auf Umwelteinfl\u00fcsse.<\/p>\n<p>&nbsp;<\/p>\n<p>Die Osteopathie unterteilt sich in folgende Teilgebiete<\/p>\n<p>&nbsp;<\/p>\n<p>\u2022 Cranio-Sacrale Therapie &#8211; bezieht sich auf die Verbindung zwischen Sch\u00e4del und Kreuzbein und behandelt viele regulative St\u00f6rungen auf vegetativer Ebene,<br \/>\n\u2022 Parietale Osteopathie &#8211; behandelt die Funktion der Gelenke und Muskeln und ist damit mit der manuellen Therapie eng verkn\u00fcpft,<br \/>\n\u2022 Viszerale Osteopathie &#8211; behandelt die Funktion der inneren Organe, die Verschieblichkeit der<br \/>\nOrgane zueinander und deren bindegewebige Aufh\u00e4ngungen, die f\u00fcr einen ungest\u00f6rten und schmerzfreien Bewegungsablauf des K\u00f6rpers n\u00f6tig sind.<\/p>\n<p>&nbsp;<\/p>\n<p>Anwendungsgebiete<br \/>\n&nbsp;<br \/>\n\u2022 akute und chronische Schmerzen,<br \/>\n\u2022 Schleudertraumata,<br \/>\n\u2022 Migr\u00e4ne<br \/>\n\u2022 Tinnitus,<br \/>\n\u2022 Schwindelanf\u00e4lle<br \/>\n\u2022 Depression<br \/>\n\u2022 Bluthochdruck<\/p>\n<p>&nbsp;<\/p>\n<p>Behandlungsdurchf\u00fchrung<\/p>\n<p>&nbsp;<\/p>\n<p>Ich arbeite seit 2005 mit den Techniken der Osteopathie. Alle drei Teilgebiete spielen in meinen osteopathischen Behandlungen eine gleichwertige Rolle. Erst nach einer entsprechenden Befunderhebung kann der Schwerpunkt f\u00fcr das osteopathische Therapiekonzept gesetzt werden.<br \/>\nIn der Osteopathie arbeitet man \u00e4hnlich wie in der Manuellen Medizin mit speziellen Handgrifftechniken. Viele Patienten kennen einige der Techniken bereits aus meiner manualmedizischnischen Arztsprechstunde. W\u00e4hrend einer osteopathischen Therapiesitzung ist es mir aber m\u00f6glich, noch gezielter und intensiver am ganzen K\u00f6rper zu arbeiten.<br \/>\nVereinbaren Sie einen Termin an einem Tag, an dem Sie keinen gr\u00f6\u00dferen k\u00f6rperlichen und psychischen Belastungen mehr ausgesetzt sind. Kommen sie ohne Termindruck in die Praxis. Die Behandlungsdauer richtet sich nach dem aktuellen Befund und betr\u00e4gt zwischen 20 und 45 Minuten. Empfohlen wird, die Behandlung 3-5 mal in einem Abstand von 2-4 Wochen zu wiederholen. Obwohl die Osteopathie eine anerkannte und wissenschaftlich fundierte Therapieform ist, werden die Kosten nicht von den gesetzlichen Krankenkassen \u00fcbernommen.<\/p>\n<p>&nbsp;<\/p>\n<p>Nebenwirkungen und Risiken<\/p>\n<p>&nbsp;<\/p>\n<p>Schwerwiegende Nebenwirkungen und Risiken sind bei dieser Behandlung nicht bekannt. Vereinzelt kann es zu einer vegetativen Kreislaufdysregulation kommen, die sich in kurzzeitigem Schwindelgef\u00fchl oder Benommenheit \u00e4u\u00dfern kann. Am Abend des Behandlungstages ist ein Spannungsgef\u00fchl im Kopf nicht selten, weswegen nach der Behandlung ausreichend Wasser oder Tee getrunken werden sollte.<\/p>\n<p>&nbsp;<\/p>\n<p>Ich arbeite mit der Physioterapeutin Peggy auch in der Osteopathie eng zusammen. Sie hat die osteopathische Ausbildung ebenfalls abgeschlossen. Wir erg\u00e4nzen uns, indem ich als \u00c4rztin oft die osteopathische Diffenrenzialdignostik durchf\u00fchre und die erforderlich Therapie in die erfahrenen H\u00e4nde der Peggy gebe.<\/p>\n","protected":false},"excerpt":{"rendered":"<p>Osteopathie &nbsp; parietal viszeral craniosacral &nbsp; &nbsp; Osteopathie Osteopathie bedeutet &#8222;Kranker Knochen&#8220;. Als vor ca. 120 Jahren der amerikanische Arzt Andrew Taylor Still die Osteopathie begr\u00fcndete, bezog sich das Therapieverfahren ausschlie\u00dflich auf das menschliche Skelett. Inzwischen hat sich die Osteopathie erheblich weiterentwickelt. &nbsp; Die Osteopathie ist ein einzigartiges ganzheitliches Therapieverfahren zur Behandlung funktioneller St\u00f6rungen auf [&hellip;]<\/p>\n","protected":false},"author":1,"featured_media":0,"parent":20,"menu_order":4,"comment_status":"closed","ping_status":"closed","template":"","meta":[],"_links":{"self":[{"href":"https:\/\/arztpraxisigel.de\/igel\/wp-json\/wp\/v2\/pages\/244"}],"collection":[{"href":"https:\/\/arztpraxisigel.de\/igel\/wp-json\/wp\/v2\/pages"}],"about":[{"href":"https:\/\/arztpraxisigel.de\/igel\/wp-json\/wp\/v2\/types\/page"}],"author":[{"embeddable":true,"href":"https:\/\/arztpraxisigel.de\/igel\/wp-json\/wp\/v2\/users\/1"}],"replies":[{"embeddable":true,"href":"https:\/\/arztpraxisigel.de\/igel\/wp-json\/wp\/v2\/comments?post=244"}],"version-history":[{"count":14,"href":"https:\/\/arztpraxisigel.de\/igel\/wp-json\/wp\/v2\/pages\/244\/revisions"}],"predecessor-version":[{"id":570,"href":"https:\/\/arztpraxisigel.de\/igel\/wp-json\/wp\/v2\/pages\/244\/revisions\/570"}],"up":[{"embeddable":true,"href":"https:\/\/arztpraxisigel.de\/igel\/wp-json\/wp\/v2\/pages\/20"}],"wp:attachment":[{"href":"https:\/\/arztpraxisigel.de\/igel\/wp-json\/wp\/v2\/media?parent=244"}],"curies":[{"name":"wp","href":"https:\/\/api.w.org\/{rel}","templated":true}]}}