{"id":252,"date":"2017-03-29T14:28:22","date_gmt":"2017-03-29T12:28:22","guid":{"rendered":"http:\/\/arztpraxisigel.de\/igel\/?page_id=252"},"modified":"2017-11-21T14:36:29","modified_gmt":"2017-11-21T13:36:29","slug":"akupunktur","status":"publish","type":"page","link":"https:\/\/arztpraxisigel.de\/igel\/therapien\/akupunktur\/","title":{"rendered":"Akupunktur"},"content":{"rendered":"<p><img decoding=\"async\" loading=\"lazy\" src=\"https:\/\/arztpraxisigel.de\/wp-content\/uploads\/2017\/03\/akupunktur.jpg\" alt=\"\" width=\"625\" height=\"420\" class=\"alignleft size-full wp-image-423\" srcset=\"https:\/\/arztpraxisigel.de\/wp-content\/uploads\/2017\/03\/akupunktur.jpg 625w, https:\/\/arztpraxisigel.de\/wp-content\/uploads\/2017\/03\/akupunktur-300x202.jpg 300w, https:\/\/arztpraxisigel.de\/wp-content\/uploads\/2017\/03\/akupunktur-624x419.jpg 624w\" sizes=\"(max-width: 625px) 100vw, 625px\" \/><\/p>\n<p class=\"ad\">\n<b>Akupunktur<\/b><br \/>\n&nbsp;<br \/>\nharmonisiert<br \/>\ndie Regelsysteme<br \/>\nunseres<br \/>\nOrganismus\n<\/p>\n<h2>\n&nbsp;<br \/>\n&nbsp;<br \/>\nAkupunktur<br \/>\n<\/h2>\n<p>Die Akupunktur ist eines der bekanntesten traditionellen Therapieverfahren aus China. In Deutschland hat sich in den zur\u00fcckliegenden 25 Jahren die Akupunktur von einer exotischen Au\u00dfenseitertherapie zu einer Standardtherapie bei der Behandlung vieler schmerzhaften Erkrankungen entwickelt. Wegen der guten Wirksamkeit und der Nebenwirkungsfreiheit ist sie sehr beliebt. Allerdings ist bis heute unklar, warum Akupunktur schmerzlindernd wirkt und die Regelsysteme des lebenden Organismus harmonisiert.<\/p>\n<p>&nbsp;<\/p>\n<p>Mit der Akupunktur k\u00f6nnen alle Schmerzzust\u00e4nde des K\u00f6rpers, alle Funktionsst\u00f6rungen der Organe und damit alle Befindlichkeitsst\u00f6rungen behandelt werden. Auch in Therapiekonzepten, die vorrangig schulmedizinisch gepr\u00e4gt sind, findet die Akupunktur einen festen Platz.<\/p>\n<p>&nbsp;<\/p>\n<p>In meiner Praxis wird die Akupunktur vielf\u00e4ltg eingesetzt. Sie ist Bestandteil fast jeden Therapieplans. Sogar gegen Suchterkrankungen und auch zur Gewichtsreduktion kann die Akupunktur eine Hilfe sein.<\/p>\n<p>&nbsp;<\/p>\n<p>Akupunktur wird bei chronischen R\u00fcckenschmerzen und Abnutzungsschmerzen der Kniegelenke \u00fcber die Kassen bezahlt. Alle anderen Erkrankungen sind zwar genauso gut mit der Akupunktur zu behandeln, m\u00fcssen aber selbst bezahlt werden. Wir hoffen alle um eine Erweiterung des Indikationsspektrums der Kosten\u00fcbernahme der gesetzlichen Krankenkassen f\u00fcr diese sinnvolle und vertr\u00e4gliche Therapieform.<\/p>\n","protected":false},"excerpt":{"rendered":"<p>Akupunktur &nbsp; harmonisiert die Regelsysteme unseres Organismus &nbsp; &nbsp; Akupunktur Die Akupunktur ist eines der bekanntesten traditionellen Therapieverfahren aus China. In Deutschland hat sich in den zur\u00fcckliegenden 25 Jahren die Akupunktur von einer exotischen Au\u00dfenseitertherapie zu einer Standardtherapie bei der Behandlung vieler schmerzhaften Erkrankungen entwickelt. Wegen der guten Wirksamkeit und der Nebenwirkungsfreiheit ist sie sehr [&hellip;]<\/p>\n","protected":false},"author":1,"featured_media":0,"parent":20,"menu_order":6,"comment_status":"closed","ping_status":"closed","template":"","meta":[],"_links":{"self":[{"href":"https:\/\/arztpraxisigel.de\/igel\/wp-json\/wp\/v2\/pages\/252"}],"collection":[{"href":"https:\/\/arztpraxisigel.de\/igel\/wp-json\/wp\/v2\/pages"}],"about":[{"href":"https:\/\/arztpraxisigel.de\/igel\/wp-json\/wp\/v2\/types\/page"}],"author":[{"embeddable":true,"href":"https:\/\/arztpraxisigel.de\/igel\/wp-json\/wp\/v2\/users\/1"}],"replies":[{"embeddable":true,"href":"https:\/\/arztpraxisigel.de\/igel\/wp-json\/wp\/v2\/comments?post=252"}],"version-history":[{"count":12,"href":"https:\/\/arztpraxisigel.de\/igel\/wp-json\/wp\/v2\/pages\/252\/revisions"}],"predecessor-version":[{"id":573,"href":"https:\/\/arztpraxisigel.de\/igel\/wp-json\/wp\/v2\/pages\/252\/revisions\/573"}],"up":[{"embeddable":true,"href":"https:\/\/arztpraxisigel.de\/igel\/wp-json\/wp\/v2\/pages\/20"}],"wp:attachment":[{"href":"https:\/\/arztpraxisigel.de\/igel\/wp-json\/wp\/v2\/media?parent=252"}],"curies":[{"name":"wp","href":"https:\/\/api.w.org\/{rel}","templated":true}]}}