{"id":258,"date":"2017-03-29T14:36:28","date_gmt":"2017-03-29T12:36:28","guid":{"rendered":"http:\/\/arztpraxisigel.de\/igel\/?page_id=258"},"modified":"2017-11-21T14:37:08","modified_gmt":"2017-11-21T13:37:08","slug":"neuraltherapie","status":"publish","type":"page","link":"https:\/\/arztpraxisigel.de\/igel\/therapien\/neuraltherapie\/","title":{"rendered":"Neuraltherapie"},"content":{"rendered":"<p><img decoding=\"async\" loading=\"lazy\" src=\"https:\/\/arztpraxisigel.de\/wp-content\/uploads\/2017\/03\/neuraltherapie_8143.jpg\" alt=\"\" width=\"625\" height=\"418\" class=\"alignleft size-full wp-image-372\" srcset=\"https:\/\/arztpraxisigel.de\/wp-content\/uploads\/2017\/03\/neuraltherapie_8143.jpg 625w, https:\/\/arztpraxisigel.de\/wp-content\/uploads\/2017\/03\/neuraltherapie_8143-300x201.jpg 300w, https:\/\/arztpraxisigel.de\/wp-content\/uploads\/2017\/03\/neuraltherapie_8143-624x417.jpg 624w\" sizes=\"(max-width: 625px) 100vw, 625px\" \/><\/p>\n<p class=\"ad\">\n<b>Neuraltherapie<\/b><br \/>\n&nbsp;<br \/>\nBehandlung<br \/>\nchronischer<br \/>\noder akuter<br \/>\nErkrankungen<br \/>\nmit einem<br \/>\nLokalan\u00e4sthetikum<\/p>\n<h2>\n&nbsp;<br \/>\n&nbsp;<br \/>\nNeuraltherapie<br \/>\n<\/h2>\n<p>Neuraltherapie ist die Behandlung von chronischen oder akuten Erkrankungen mit einem Lokalan\u00e4sthetikum, meist Procain. Diese Therapieform nutzt die k\u00f6rpereigene Steuerungs- und Ausgleichsfunktion des vegetativen Nervensystems. Durch Injektion von Lokalan\u00e4sthetika wird die nat\u00fcrliche Selbstheilung wirksam unterst\u00fctzt und teilweise \u00fcberhaupt erst erm\u00f6glicht.<\/p>\n","protected":false},"excerpt":{"rendered":"<p>Neuraltherapie &nbsp; Behandlung chronischer oder akuter Erkrankungen mit einem Lokalan\u00e4sthetikum &nbsp; &nbsp; Neuraltherapie Neuraltherapie ist die Behandlung von chronischen oder akuten Erkrankungen mit einem Lokalan\u00e4sthetikum, meist Procain. Diese Therapieform nutzt die k\u00f6rpereigene Steuerungs- und Ausgleichsfunktion des vegetativen Nervensystems. Durch Injektion von Lokalan\u00e4sthetika wird die nat\u00fcrliche Selbstheilung wirksam unterst\u00fctzt und teilweise \u00fcberhaupt erst erm\u00f6glicht.<\/p>\n","protected":false},"author":1,"featured_media":0,"parent":20,"menu_order":7,"comment_status":"closed","ping_status":"closed","template":"","meta":[],"_links":{"self":[{"href":"https:\/\/arztpraxisigel.de\/igel\/wp-json\/wp\/v2\/pages\/258"}],"collection":[{"href":"https:\/\/arztpraxisigel.de\/igel\/wp-json\/wp\/v2\/pages"}],"about":[{"href":"https:\/\/arztpraxisigel.de\/igel\/wp-json\/wp\/v2\/types\/page"}],"author":[{"embeddable":true,"href":"https:\/\/arztpraxisigel.de\/igel\/wp-json\/wp\/v2\/users\/1"}],"replies":[{"embeddable":true,"href":"https:\/\/arztpraxisigel.de\/igel\/wp-json\/wp\/v2\/comments?post=258"}],"version-history":[{"count":10,"href":"https:\/\/arztpraxisigel.de\/igel\/wp-json\/wp\/v2\/pages\/258\/revisions"}],"predecessor-version":[{"id":575,"href":"https:\/\/arztpraxisigel.de\/igel\/wp-json\/wp\/v2\/pages\/258\/revisions\/575"}],"up":[{"embeddable":true,"href":"https:\/\/arztpraxisigel.de\/igel\/wp-json\/wp\/v2\/pages\/20"}],"wp:attachment":[{"href":"https:\/\/arztpraxisigel.de\/igel\/wp-json\/wp\/v2\/media?parent=258"}],"curies":[{"name":"wp","href":"https:\/\/api.w.org\/{rel}","templated":true}]}}