{"id":261,"date":"2017-03-29T14:42:59","date_gmt":"2017-03-29T12:42:59","guid":{"rendered":"http:\/\/arztpraxisigel.de\/igel\/?page_id=261"},"modified":"2017-11-21T14:35:31","modified_gmt":"2017-11-21T13:35:31","slug":"die-physikalische-therapie","status":"publish","type":"page","link":"https:\/\/arztpraxisigel.de\/igel\/therapien\/die-physikalische-therapie\/","title":{"rendered":"Physikalische Therapie"},"content":{"rendered":"<p><img decoding=\"async\" loading=\"lazy\" src=\"https:\/\/arztpraxisigel.de\/wp-content\/uploads\/2017\/03\/physikalische_therapie.jpg\" alt=\"\" width=\"625\" height=\"420\" class=\"alignleft size-full wp-image-435\" srcset=\"https:\/\/arztpraxisigel.de\/wp-content\/uploads\/2017\/03\/physikalische_therapie.jpg 625w, https:\/\/arztpraxisigel.de\/wp-content\/uploads\/2017\/03\/physikalische_therapie-300x202.jpg 300w, https:\/\/arztpraxisigel.de\/wp-content\/uploads\/2017\/03\/physikalische_therapie-624x419.jpg 624w\" sizes=\"(max-width: 625px) 100vw, 625px\" \/><\/p>\n<p class=\"ad\">\n<b>Physikalische<br \/>\nTherapien<\/b><br \/>\n&nbsp;<br \/>\nzur Behandlung<br \/>\nvon Schmerzen und<br \/>\nFunktionsst\u00f6rungen<br \/>\nam Bewegungsapparat<\/p>\n<h2>\n&nbsp;<br \/>\n&nbsp;<br \/>\nDie Physikalische Therapie<br \/>\n<\/h2>\n<p>Der Begriff Physikalische Therapie fasst verschiedene medizinische Behandlungsformen zusammen. Dazu geh\u00f6ren:<br \/>\n&nbsp;<br \/>\n&#8211; Elektrotherapie\/Ultraschall,<br \/>\n&#8211; Mechanotherapie: Massagen und Krankengymnastik,<br \/>\n&#8211; Thermotherapie,<br \/>\n&#8211; Hydrotherapie (Wasseranwendungen),<br \/>\n&#8211; Phototherapie (Behandlung mit Lichtquellen),<br \/>\n&#8211; Balneotherapie (Klimaeinwirkungen).<br \/>\n&nbsp;<br \/>\nBei allen handelt es sich um physikalische Methoden. In meiner Praxis werden Elektrotherapie, Ultraschall, klassische und spezielle Massagen und Thermotherapie (Pelose und K\u00e4lteanwendungen) angewendet. Wichtige Indikationen f\u00fcr Physikalische Therapien sind Schmerzen und Funktionsst\u00f6rungen am Bewegungsapparat.<br \/>\n&nbsp;<br \/>\nBei der Elektrotherapie werden schwache elektrische Str\u00f6me therapeutisch eingesetzt, um Schmerzen zu lindern, Muskelkraft zu verst\u00e4rken und Heilungsprozesse zu beschleunigen. Elektrotherapie ist vollkommen ungef\u00e4hrlich, nicht schmerzhaft und eine sinnvolle Erg\u00e4nzung in jedem rehabilitativen Behandlungskonzept.<br \/>\n&nbsp;<br \/>\nIn meiner Praxis wird im Rahmen der Schmerztherapie \u00fcberwiegend mit TENS &#8211; Transdermal (&#8222;durch die Haut&#8220;) Elektrische Nervenstimmulation &#8211; gearbeitet (siehe Foto oben links). Eingesetzt wird TENS bei allen Schmerzzust\u00e4nden zur symptomatischen Schmerzlinderung. Der Patient bekommt nach Einweisung ein kleines Taschenger\u00e4t mit nach Hause und kann dieses selbst\u00e4ndig regelm\u00e4\u00dfig anwenden. Dar\u00fcberhinaus ist in meiner Praxis der Einsatz mehrerer Stromarten m\u00f6glich. Die Indikation f\u00fcr die verschiedenen Krankheitsbilder ist \u00fcber die Einstellung der Ger\u00e4teparameter (z.B. Frequenz, Impulsdauer u.a.) sehr variabel.<br \/>\n&nbsp;<br \/>\nUltraschall-Therapie ist die Anwendung mechanischer Schwingungen im Ultraschallbereich zu therapeutischen Zwecken. Durch die in dem Schallkopf erzeugte Umwandlung von elektrischer in mechanische Schwingungen, entsteht ein rhythmischer Zug und Druck in dem beschallten Gewebe. Das erm\u00f6glicht eine Behandlung in tieferen Gewebsschichten.<br \/>\n&nbsp;<br \/>\nThermische Wirkung: Duchblutungsverbesserung, Verbesserung der N\u00e4hrstoffaufnahme, Abtransport von Schlackestoffen<br \/>\nMechanische Wirkung: Mikromassage in der Tiefe<br \/>\nBiochemische Wirkung: Verbesserung des Zellstoffwechsels, Optimierung des Lymphtransportes, Regeneration von erkranktem Gewebe.<br \/>\n&nbsp;<br \/>\nUltraschall wird auch genutzt, um schonend Medikamente in die Tiefe transportieren zu k\u00f6nnen. Indikationen sind insbesondere Arthrosen und schmerzhafte Muskelverspannungen.<\/p>\n","protected":false},"excerpt":{"rendered":"<p>Physikalische Therapien &nbsp; zur Behandlung von Schmerzen und Funktionsst\u00f6rungen am Bewegungsapparat &nbsp; &nbsp; Die Physikalische Therapie Der Begriff Physikalische Therapie fasst verschiedene medizinische Behandlungsformen zusammen. Dazu geh\u00f6ren: &nbsp; &#8211; Elektrotherapie\/Ultraschall, &#8211; Mechanotherapie: Massagen und Krankengymnastik, &#8211; Thermotherapie, &#8211; Hydrotherapie (Wasseranwendungen), &#8211; Phototherapie (Behandlung mit Lichtquellen), &#8211; Balneotherapie (Klimaeinwirkungen). &nbsp; Bei allen handelt es sich um [&hellip;]<\/p>\n","protected":false},"author":1,"featured_media":0,"parent":20,"menu_order":3,"comment_status":"closed","ping_status":"closed","template":"","meta":[],"_links":{"self":[{"href":"https:\/\/arztpraxisigel.de\/igel\/wp-json\/wp\/v2\/pages\/261"}],"collection":[{"href":"https:\/\/arztpraxisigel.de\/igel\/wp-json\/wp\/v2\/pages"}],"about":[{"href":"https:\/\/arztpraxisigel.de\/igel\/wp-json\/wp\/v2\/types\/page"}],"author":[{"embeddable":true,"href":"https:\/\/arztpraxisigel.de\/igel\/wp-json\/wp\/v2\/users\/1"}],"replies":[{"embeddable":true,"href":"https:\/\/arztpraxisigel.de\/igel\/wp-json\/wp\/v2\/comments?post=261"}],"version-history":[{"count":12,"href":"https:\/\/arztpraxisigel.de\/igel\/wp-json\/wp\/v2\/pages\/261\/revisions"}],"predecessor-version":[{"id":571,"href":"https:\/\/arztpraxisigel.de\/igel\/wp-json\/wp\/v2\/pages\/261\/revisions\/571"}],"up":[{"embeddable":true,"href":"https:\/\/arztpraxisigel.de\/igel\/wp-json\/wp\/v2\/pages\/20"}],"wp:attachment":[{"href":"https:\/\/arztpraxisigel.de\/igel\/wp-json\/wp\/v2\/media?parent=261"}],"curies":[{"name":"wp","href":"https:\/\/api.w.org\/{rel}","templated":true}]}}