{"id":263,"date":"2017-03-29T14:57:57","date_gmt":"2017-03-29T12:57:57","guid":{"rendered":"http:\/\/arztpraxisigel.de\/igel\/?page_id=263"},"modified":"2017-11-21T14:37:35","modified_gmt":"2017-11-21T13:37:35","slug":"massagen","status":"publish","type":"page","link":"https:\/\/arztpraxisigel.de\/igel\/therapien\/massagen\/","title":{"rendered":"Massagen"},"content":{"rendered":"<p><img decoding=\"async\" loading=\"lazy\" src=\"https:\/\/arztpraxisigel.de\/wp-content\/uploads\/2017\/03\/massagen_neu.jpg\" alt=\"\" width=\"625\" height=\"420\" class=\"alignleft size-full wp-image-502\" srcset=\"https:\/\/arztpraxisigel.de\/wp-content\/uploads\/2017\/03\/massagen_neu.jpg 625w, https:\/\/arztpraxisigel.de\/wp-content\/uploads\/2017\/03\/massagen_neu-300x202.jpg 300w, https:\/\/arztpraxisigel.de\/wp-content\/uploads\/2017\/03\/massagen_neu-624x419.jpg 624w\" sizes=\"(max-width: 625px) 100vw, 625px\" \/><\/p>\n<p class=\"ad\">\n<b>Massagen<\/b><br \/>\n&nbsp;<br \/>\nSpezielle<br \/>\nHandgriffe<br \/>\nzur Lockerung<br \/>\nder Muskulatur\n<\/p>\n<h2>\n&nbsp;<br \/>\n&nbsp;<br \/>\nKlassische Massage<br \/>\n<\/h2>\n<p>Dies ist die h\u00e4ufigste Art der Anwendung bei schmerzhaften Muskelverspannungen. Es werden spezielle Handgriffe zur Lockerung der Muskulatur angewendet. Je nach Lokalbefund k\u00f6nnen die Grifftechniken duchblutungsf\u00f6rdend, entspannend, aber auch tonisierend und schmerzlindernd wirken.<br \/>\n&nbsp;<br \/>\nDie Massage kann als wohltuende Anwendung am Anfang eines Therapieplanes stehen, ist aber kein Ersatz f\u00fcr ein aktives und muskelst\u00e4rkendes Training!<\/p>\n<h2>\nTriggerpunktmassage<br \/>\n<\/h2>\n<p>Diese Massageanwendung ist Gegenstand der Manuellen Medizin. Triggerpunkte sind Schmerzpunkte in einem Muskel. Durch mechanische Reizung k\u00f6nnen dauerhaft Schmerzen in einem typischen Ausbreitungsgebiet verursacht werden.<br \/>\n&nbsp;<br \/>\nEine M\u00f6glichkeit der Behandlung ist die manuelle L\u00f6sung dieser Punkte durch Druck mit der Hand oder einem kleinen Holzkegel. Durch das L\u00f6schen dieser Schmerzpunkte k\u00f6nnen erstaunlich viele Schmerzmuster beseitigt werden.<br \/>\n&nbsp;<br \/>\nDer Therapeut braucht eine spezielle Ausbildung, um die Lokalisation, \u00dcbertragungszonen und Therapierbarkeit der Triggerpunkte zu kennen. Unsere Physiotherapeutin Peggy ist auf dem Gebiet der Triggerpunktbehandlung sehr erfahren.<\/p>\n<h2>\nDie Fu\u00dfreflexzonenmassage<br \/>\n<\/h2>\n<p>Bei dieser Art der Massage werden Reflexwege von der Fu\u00dfsohle zu allen K\u00f6rperregionen genutzt. Man geht davon aus, dass sich auf der Fu\u00dfsohle der menschliche K\u00f6rper somatotop abbildet. Durch den Druck dieser Zonen kann auch hier direkt Einfluss auf alle Organe und Gewebe des K\u00f6rpers genommen werden.<br \/>\n&nbsp;<br \/>\nW\u00e4hrend bei der Bindegewebsmassage die Reflexzonen bereits wissenschaftlich nachgewiesen werden konnten, ist das bei den Fu\u00dfreflexzonen noch nicht der Fall. Der Erfolg dieser Behandlungsmethode ist aber belegt und macht die Fu\u00dfreflexzonenbehandlung zu einem wichtigen Bestandteil in der Schmerztherapie.<\/p>\n<h2>\nBindegewebsmassage<br \/>\n<\/h2>\n<p>Die Bindegewebsmassage ist eine Reflexbehandlung in den Zonen des Bindegewebes. Jedes Organ hat ein zugeh\u00f6riges Gebiet im Bindegewebe der K\u00f6rperoberfl\u00e4che. Durch spezielle Grifftechniken mit den Fingerkuppen des 3. und 4. Fingers in diesen Zonen kann direkt Einfluss auf die inneren Organe genommen werden. Der Massagereiz ist ein schneidendes Gef\u00fchl und wird nicht immer als angenehm empfunden. Nach der Behandlung macht sich dann aber ein warmes K\u00f6rpergef\u00fchl bemerkbar.<br \/>\n&nbsp;<br \/>\nDie Bindegewebsmassage wird haupts\u00e4chlich bei inneren Erkrankungen, aber auch unterst\u00fctzend in der Schmerztherapie eingesetzt. Jeder examinierte Physiotherapeut und Masseur erlernt die Techniken in seiner Ausbildung. Leider ist diese Art der Massage schon oft in Vergessenheit geraten, in der regulativenTherapie aber unverzichtbar.<\/p>\n<h2>\nDie Lymphdrainage<br \/>\n<\/h2>\n<p>Hier handelt es sich um eine spezielle Massagetechnik zur F\u00f6rderung des Abtransportes der Lymphfl\u00fcssigkeit aus den K\u00f6rpergeweben. Lymphfl\u00fcssigkeit ist Gewebewasser, das aus den Blutgef\u00e4\u00dfen ins freie Gewebe sickert. Dieser Vorgang ist zun\u00e4chst normal. Bei Erkrankungen mit Stauungen verst\u00e4rkt sich jedoch der Durchtritt von Blutplasma ins Gewebe und kann krankhafte Formen annehmen. Dadurch ist oft ein Heilungsprozess gehemmt und kann erhebliche Schmerzen verursachen.<br \/>\n&nbsp;<br \/>\nDurch spezielle Handgriffe kann der Abtransport der Lymphe wieder angeregt und der Heilungsverlauf verk\u00fcrzt werden.<br \/>\n&nbsp;<br \/>\nHauptindikation ist der Zustand nach einer Thrombose, aber auch alle Krankheiten, die mit einer Gewebsstauung einhergehen, z.B. auch viele rheumatische Erkrankungen, und Zust\u00e4nde nach Operationen und Unf\u00e4llen.<br \/>\n&nbsp;<br \/>\nAuch hier ist eine spezielle Ausbildung n\u00f6tig, die unsere Physiotherapeutin absolviert hat.<\/p>\n","protected":false},"excerpt":{"rendered":"<p>Massagen &nbsp; Spezielle Handgriffe zur Lockerung der Muskulatur &nbsp; &nbsp; Klassische Massage Dies ist die h\u00e4ufigste Art der Anwendung bei schmerzhaften Muskelverspannungen. Es werden spezielle Handgriffe zur Lockerung der Muskulatur angewendet. Je nach Lokalbefund k\u00f6nnen die Grifftechniken duchblutungsf\u00f6rdend, entspannend, aber auch tonisierend und schmerzlindernd wirken. &nbsp; Die Massage kann als wohltuende Anwendung am Anfang eines [&hellip;]<\/p>\n","protected":false},"author":1,"featured_media":0,"parent":20,"menu_order":9,"comment_status":"closed","ping_status":"closed","template":"","meta":[],"_links":{"self":[{"href":"https:\/\/arztpraxisigel.de\/igel\/wp-json\/wp\/v2\/pages\/263"}],"collection":[{"href":"https:\/\/arztpraxisigel.de\/igel\/wp-json\/wp\/v2\/pages"}],"about":[{"href":"https:\/\/arztpraxisigel.de\/igel\/wp-json\/wp\/v2\/types\/page"}],"author":[{"embeddable":true,"href":"https:\/\/arztpraxisigel.de\/igel\/wp-json\/wp\/v2\/users\/1"}],"replies":[{"embeddable":true,"href":"https:\/\/arztpraxisigel.de\/igel\/wp-json\/wp\/v2\/comments?post=263"}],"version-history":[{"count":14,"href":"https:\/\/arztpraxisigel.de\/igel\/wp-json\/wp\/v2\/pages\/263\/revisions"}],"predecessor-version":[{"id":576,"href":"https:\/\/arztpraxisigel.de\/igel\/wp-json\/wp\/v2\/pages\/263\/revisions\/576"}],"up":[{"embeddable":true,"href":"https:\/\/arztpraxisigel.de\/igel\/wp-json\/wp\/v2\/pages\/20"}],"wp:attachment":[{"href":"https:\/\/arztpraxisigel.de\/igel\/wp-json\/wp\/v2\/media?parent=263"}],"curies":[{"name":"wp","href":"https:\/\/api.w.org\/{rel}","templated":true}]}}