{"id":266,"date":"2017-03-29T17:55:51","date_gmt":"2017-03-29T15:55:51","guid":{"rendered":"http:\/\/arztpraxisigel.de\/igel\/?page_id=266"},"modified":"2017-11-21T14:38:28","modified_gmt":"2017-11-21T13:38:28","slug":"schroepftherapie","status":"publish","type":"page","link":"https:\/\/arztpraxisigel.de\/igel\/therapien\/schroepftherapie\/","title":{"rendered":"Schr\u00f6pftherapie"},"content":{"rendered":"<p><img decoding=\"async\" loading=\"lazy\" src=\"https:\/\/arztpraxisigel.de\/wp-content\/uploads\/2017\/03\/schroepfen.jpg\" alt=\"\" width=\"625\" height=\"418\" class=\"alignleft size-full wp-image-519\" srcset=\"https:\/\/arztpraxisigel.de\/wp-content\/uploads\/2017\/03\/schroepfen.jpg 625w, https:\/\/arztpraxisigel.de\/wp-content\/uploads\/2017\/03\/schroepfen-300x201.jpg 300w, https:\/\/arztpraxisigel.de\/wp-content\/uploads\/2017\/03\/schroepfen-624x417.jpg 624w\" sizes=\"(max-width: 625px) 100vw, 625px\" \/><\/p>\n<p class=\"ad\">\n<b>Schr\u00f6pfen<\/b><br \/>\n&nbsp;<br \/>\nAusreitende<br \/>\nTherapieform:<br \/>\nwirkt<br \/>\nSchmerzlindernd<br \/>\nDurchblutungsf\u00f6rdernd<br \/>\nImmunregulierend<\/p>\n<h2>\n&nbsp;<br \/>\n&nbsp;<br \/>\nSchr\u00f6pftherapie<br \/>\n<\/h2>\n<p>Schr\u00f6pfen ist ein traditionelles, sehr altes Therapieverfahren, welches sowohl im Westen als auch in China bereits im 2. Jahrhundert angewandt wurde. Es ist eine ausleitende Therapieform, vergleichbar dem bekannten Aderlass oder der Blutegeltherapie. Gerne wird das Schr\u00f6pfen bei der Behandlung auch mit der Akupunktur kombiniert. Schr\u00f6pfen wirkt schmerzlindernd, duchblutungsf\u00f6rdernd und immunregulierend.<br \/>\nBeim Schr\u00f6pfen wird ein in \u00c4ther getauchter Wattebausch angez\u00fcndet und in ein spezielles Schr\u00f6pfglas gehalten, um einen Unterdruck zu erzeugen. Das Schr\u00f6pfglas wird dann schnell auf die Haut gesetzt und saugt sich fest.<br \/>\n&nbsp;<br \/>\nEs werden zwei Verfahren des Schr\u00f6pfens unterschieden:<br \/>\n&nbsp;<br \/>\nBeim trockenen Schr\u00f6pfen werden die Sauggl\u00e4ser auf die unversehrte Haut gesetzt, oft entlang der Reflexzonen am R\u00fccken. Dabei wird dort ein k\u00fcnstlicher Bluterguss erzeugt und dadurch regulativ auf Muskulatur, Organe oder Gelenke schmerzlindernd Einfluss genommen.<br \/>\n&nbsp;<br \/>\nBeim blutigen Schr\u00f6pfen wird, bevor man das Schr\u00f6pfglas setzt, die Haut leicht angeritzt. Innerhalb von ca. 15 min flie\u00dfen ca. 10-20 ml Blut in das Glas. Angewandt wird dies bei allen F\u00fcllezust\u00e4nden, also bei Muskelverh\u00e4rtungen und Verquellungen im Bindegewebe. Eine weitere Wirkung ist, dass dem Gewebe gestautes Blut samt den abgelagerten Giftstoffen entzogen wird und neues frisches Blut gebildet werden kann.<br \/>\n&nbsp;<br \/>\nDie Kosten der Schr\u00f6pftherapie werden von der Krankenkasse nicht \u00fcbernommen. F\u00fcr die Leistung und den Materialaufwand berechnen wir nach GO\u00c4 8,50 Euro pro Behandlung.<br \/>\n&nbsp;<br \/>\nEmpfohlen wird eine Serie von 3-5 Behandlungen pro Krankheitsfall. Die Behandlung ist ungef\u00e4hrlich, frei von Nebenwirkungen und oft wird der Einsatz von Medikamenten dadurch \u00fcberfl\u00fcssig. Gelegentlich kann es wegen der starken vegetativen Wirkung zu Kreislaufdysregulationen kommen. Nach der Behandlung sollten Sie noch kurz bei uns liegen bleiben und anschlie\u00dfend reichlich Wasser trinken.<\/p>\n","protected":false},"excerpt":{"rendered":"<p>Schr\u00f6pfen &nbsp; Ausreitende Therapieform: wirkt Schmerzlindernd Durchblutungsf\u00f6rdernd Immunregulierend &nbsp; &nbsp; Schr\u00f6pftherapie Schr\u00f6pfen ist ein traditionelles, sehr altes Therapieverfahren, welches sowohl im Westen als auch in China bereits im 2. Jahrhundert angewandt wurde. Es ist eine ausleitende Therapieform, vergleichbar dem bekannten Aderlass oder der Blutegeltherapie. Gerne wird das Schr\u00f6pfen bei der Behandlung auch mit der Akupunktur [&hellip;]<\/p>\n","protected":false},"author":1,"featured_media":0,"parent":20,"menu_order":21,"comment_status":"closed","ping_status":"closed","template":"","meta":[],"_links":{"self":[{"href":"https:\/\/arztpraxisigel.de\/igel\/wp-json\/wp\/v2\/pages\/266"}],"collection":[{"href":"https:\/\/arztpraxisigel.de\/igel\/wp-json\/wp\/v2\/pages"}],"about":[{"href":"https:\/\/arztpraxisigel.de\/igel\/wp-json\/wp\/v2\/types\/page"}],"author":[{"embeddable":true,"href":"https:\/\/arztpraxisigel.de\/igel\/wp-json\/wp\/v2\/users\/1"}],"replies":[{"embeddable":true,"href":"https:\/\/arztpraxisigel.de\/igel\/wp-json\/wp\/v2\/comments?post=266"}],"version-history":[{"count":5,"href":"https:\/\/arztpraxisigel.de\/igel\/wp-json\/wp\/v2\/pages\/266\/revisions"}],"predecessor-version":[{"id":577,"href":"https:\/\/arztpraxisigel.de\/igel\/wp-json\/wp\/v2\/pages\/266\/revisions\/577"}],"up":[{"embeddable":true,"href":"https:\/\/arztpraxisigel.de\/igel\/wp-json\/wp\/v2\/pages\/20"}],"wp:attachment":[{"href":"https:\/\/arztpraxisigel.de\/igel\/wp-json\/wp\/v2\/media?parent=266"}],"curies":[{"name":"wp","href":"https:\/\/api.w.org\/{rel}","templated":true}]}}