{"id":694,"date":"2018-05-23T09:43:39","date_gmt":"2018-05-23T07:43:39","guid":{"rendered":"http:\/\/arztpraxisigel.de\/igel\/?page_id=694"},"modified":"2018-05-24T14:13:36","modified_gmt":"2018-05-24T12:13:36","slug":"datenschutz","status":"publish","type":"page","link":"https:\/\/arztpraxisigel.de\/igel\/datenschutz\/","title":{"rendered":"datenschutz"},"content":{"rendered":"<p>&nbsp;<br \/>\n&nbsp;<br \/>\n<strong>DATENSCHUTZERKL\u00c4RUNG<\/strong><br \/>\n&nbsp;<br \/>\n<strong>Verantwortliche Stelle im Sinne der Datenschutzgesetze<\/strong><br \/>\nFrau Martina Igel<br \/>\n&nbsp;<br \/>\n<strong>Kontaktdaten<\/strong><br \/>\nKontaktdaten oder personenbezogene Daten und Angaben sind s\u00e4mtliche Informationen, welche dazu dienen, Ihre Person zu bestimmen und zu Ihnen zur\u00fcckverfolgt werden k\u00f6nnen, beispielsweise Ihr Name, Ihre E-Mail-Adresse, IP-Adresse und Telefonnummer.<br \/>\n&nbsp;<br \/>\n<strong>Cookies<\/strong><br \/>\nDiese Website verwendet keine Cookies. Bei Cookies handelt es sich um kleine Textdateien, welche auf Ihrem Endger\u00e4t gespeichert werden. Der Browser des Endger\u00e4tes greift auf diese Dateien zu. Die meisten der verwendeten Cookies sind so genannte \u201eSession-Cookies\u201c. Sie werden nach Ende des Besuchs automatisch gel\u00f6scht. Andere Cookies bleiben auf dem Endger\u00e4t gespeichert, bis diese gel\u00f6scht werden. G\u00e4ngige Browser bieten die Einstellungsoption, Cookies einzuschr\u00e4nken bzw. nicht zuzulassen.<br \/>\n&nbsp;<br \/>\n<strong>Kontakt und Verschl\u00fcsselung<\/strong><br \/>\nTreten Sie per E-Mail mit uns in Kontakt, werden die von Ihnen gemachten Angaben zum Zwecke der Bearbeitung der Anfrage, f\u00fcr m\u00f6gliche Anschlussfragen, sowie f\u00fcr Ihre medizinische Versorgung gespeichert.<br \/>\n&nbsp;<br \/>\n<strong>Werden Daten an Dritte weitergegeben?<\/strong><br \/>\nAlle Kontaktdaten, die bei uns gespeichert sind, werden ohne Ihre Einwilligung nicht an Dritte weitergegeben.<br \/>\n&nbsp;<br \/>\n<strong>L\u00f6schung bzw. Sperrung der Daten<\/strong><br \/>\nWir halten uns an die Grunds\u00e4tze der Datenvermeidung und Datensparsamkeit. Wir speichern Ihre personenbezogenen Daten daher nur so lange, wie dies zur Erreichung der hier genannten Zwecke erforderlich ist oder wie es die vom Gesetzgeber vorgesehenen vielf\u00e4ltigen Speicherfristen vorsehen. Nach Fortfall des jeweiligen Zweckes bzw. Ablauf dieser Fristen werden die entsprechenden Daten routinem\u00e4\u00dfig und entsprechend den gesetzlichen Vorschriften gesperrt oder gel\u00f6scht.<br \/>\n&nbsp;<br \/>\n<strong>Ihre Rechte auf Auskunft, Berichtigung, Sperre, L\u00f6schung und Widerspruch<\/strong><br \/>\nSie haben das Recht, jederzeit Auskunft \u00fcber Ihre bei uns gespeicherten personenbezogenen Daten zu erhalten. Ebenso haben Sie das Recht auf Berichtigung, Sperrung oder, abgesehen von der vorgeschriebenen Datenspeicherung zur Gesch\u00e4ftsabwicklung, L\u00f6schung Ihrer personenbezogenen Daten. Bitte wenden Sie sich dazu an unseren Datenschutzbeauftragten. Die Kontaktdaten finden Sie ganz unten.<br \/>\nDamit eine Sperre von Daten jederzeit ber\u00fccksichtigt werden kann, m\u00fcssen diese Daten zu Kontrollzwecken in einer Sperrdatei vorgehalten werden. Sie k\u00f6nnen auch die L\u00f6schung der Daten verlangen, soweit keine gesetzliche Archivierungsverpflichtung besteht. Soweit eine solche Verpflichtung besteht, sperren wir Ihre Daten auf Wunsch.<br \/>\nSie k\u00f6nnen \u00c4nderungen oder den Widerruf einer Einwilligung durch entsprechende Mitteilung an uns mit Wirkung f\u00fcr die Zukunft vornehmen.<br \/>\n&nbsp;<br \/>\n<strong>\u00c4nderung unserer Datenschutzbestimmungen<\/strong><br \/>\nWir behalten uns vor, diese Datenschutzerkl\u00e4rung gelegentlich anzupassen, damit sie stets den aktuellen rechtlichen Anforderungen entspricht oder um \u00c4nderungen unserer Leistungen in der Datenschutzerkl\u00e4rung umzusetzen, z. B. bei der Einf\u00fchrung neuer Services. F\u00fcr Ihren erneuten Besuch gilt dann die neue Datenschutzerkl\u00e4rung.<br \/>\n&nbsp;<br \/>\n<strong>Fragen an den Datenschutzbeauftragten<\/strong><br \/>\nWenn Sie Fragen zum Datenschutz haben, schreiben Sie uns bitte eine E-Mail: mail(at)arztpraxisigel.de<\/p>\n","protected":false},"excerpt":{"rendered":"<p>&nbsp; &nbsp; DATENSCHUTZERKL\u00c4RUNG &nbsp; Verantwortliche Stelle im Sinne der Datenschutzgesetze Frau Martina Igel &nbsp; Kontaktdaten Kontaktdaten oder personenbezogene Daten und Angaben sind s\u00e4mtliche Informationen, welche dazu dienen, Ihre Person zu bestimmen und zu Ihnen zur\u00fcckverfolgt werden k\u00f6nnen, beispielsweise Ihr Name, Ihre E-Mail-Adresse, IP-Adresse und Telefonnummer. &nbsp; Cookies Diese Website verwendet keine Cookies. Bei Cookies handelt [&hellip;]<\/p>\n","protected":false},"author":1,"featured_media":0,"parent":0,"menu_order":7,"comment_status":"closed","ping_status":"closed","template":"","meta":[],"_links":{"self":[{"href":"https:\/\/arztpraxisigel.de\/igel\/wp-json\/wp\/v2\/pages\/694"}],"collection":[{"href":"https:\/\/arztpraxisigel.de\/igel\/wp-json\/wp\/v2\/pages"}],"about":[{"href":"https:\/\/arztpraxisigel.de\/igel\/wp-json\/wp\/v2\/types\/page"}],"author":[{"embeddable":true,"href":"https:\/\/arztpraxisigel.de\/igel\/wp-json\/wp\/v2\/users\/1"}],"replies":[{"embeddable":true,"href":"https:\/\/arztpraxisigel.de\/igel\/wp-json\/wp\/v2\/comments?post=694"}],"version-history":[{"count":8,"href":"https:\/\/arztpraxisigel.de\/igel\/wp-json\/wp\/v2\/pages\/694\/revisions"}],"predecessor-version":[{"id":704,"href":"https:\/\/arztpraxisigel.de\/igel\/wp-json\/wp\/v2\/pages\/694\/revisions\/704"}],"wp:attachment":[{"href":"https:\/\/arztpraxisigel.de\/igel\/wp-json\/wp\/v2\/media?parent=694"}],"curies":[{"name":"wp","href":"https:\/\/api.w.org\/{rel}","templated":true}]}}