{"id":707,"date":"2018-05-30T09:43:23","date_gmt":"2018-05-30T07:43:23","guid":{"rendered":"http:\/\/arztpraxisigel.de\/igel\/?page_id=707"},"modified":"2020-08-28T09:28:39","modified_gmt":"2020-08-28T07:28:39","slug":"pilates","status":"publish","type":"page","link":"https:\/\/arztpraxisigel.de\/igel\/pilates\/","title":{"rendered":"pilates"},"content":{"rendered":"<p><img decoding=\"async\" loading=\"lazy\" src=\"https:\/\/arztpraxisigel.de\/wp-content\/uploads\/2018\/05\/pilates_2018_01.png\" alt=\"\" width=\"961\" height=\"368\" class=\"alignleft size-full wp-image-452\" \/><\/p>\n<h2>\n&nbsp;<br \/>\n&nbsp;<br \/>\nLiebe Pilatesfreunde,<br \/>\n<\/h2>\n<p>Wir freuen uns, Ihnen jetzt auch bei der Auswahl Ihres Sportes Empfehlungen geben zu k\u00f6nnen. Einige kennen Mami Ohno aus Tokio bereits. Mit ihr haben wir eine Trainerin gefunden, die unser Therapiekonzept sehr gut erg\u00e4nzt. <\/p>\n<p>Ihre Vita finden Sie im Link zu ihrer Webseite:<br \/>\n<a href=\"http:\/\/bodymakingpilates.com\">www.bodymakingpilates.com<\/a><br \/>\nDie Website ist auf deutsch, englisch und japanisch.<\/p>\n<h2>Aktiv gegen R\u00fcckenschmerz<\/h2>\n<p>Nachdem Ihr R\u00fcckenschmerz durch medizinische Ma\u00dfnahmen besser geworden ist, m\u00fcssen Sie dringend selbst weiter an ihrer K\u00f6rperhaltung und der Muskulatur arbeiten. Das geht nur mit aktiven \u00dcbungen. Mami Ohno versteht es ausgezeichnet, Sie nach einer  Zeit mit immer wieder kehrenden R\u00fcckenschmerzen an ein passendes \u00dcbungsprogramm heranzuf\u00fchren. Ihr Vorteil ist, dass Mami immer schnell Kontakt zu mir hat, falls w\u00e4hrend des Trainings wieder mehr Schmerz oder ein neuer Schmerz auftritt.<\/p>\n<h2>Kontakt<\/h2>\n<p>Telefon Mami Ohno<br \/>\n0163 6330819<\/p>\n<p>www.bodymakingpilates.com<\/p>\n<p>Viel Spa\u00df!!!!!<\/p>\n","protected":false},"excerpt":{"rendered":"<p>&nbsp; &nbsp; Liebe Pilatesfreunde, Wir freuen uns, Ihnen jetzt auch bei der Auswahl Ihres Sportes Empfehlungen geben zu k\u00f6nnen. Einige kennen Mami Ohno aus Tokio bereits. Mit ihr haben wir eine Trainerin gefunden, die unser Therapiekonzept sehr gut erg\u00e4nzt. Ihre Vita finden Sie im Link zu ihrer Webseite: www.bodymakingpilates.com Die Website ist auf deutsch, englisch [&hellip;]<\/p>\n","protected":false},"author":1,"featured_media":0,"parent":0,"menu_order":17,"comment_status":"closed","ping_status":"closed","template":"","meta":[],"_links":{"self":[{"href":"https:\/\/arztpraxisigel.de\/igel\/wp-json\/wp\/v2\/pages\/707"}],"collection":[{"href":"https:\/\/arztpraxisigel.de\/igel\/wp-json\/wp\/v2\/pages"}],"about":[{"href":"https:\/\/arztpraxisigel.de\/igel\/wp-json\/wp\/v2\/types\/page"}],"author":[{"embeddable":true,"href":"https:\/\/arztpraxisigel.de\/igel\/wp-json\/wp\/v2\/users\/1"}],"replies":[{"embeddable":true,"href":"https:\/\/arztpraxisigel.de\/igel\/wp-json\/wp\/v2\/comments?post=707"}],"version-history":[{"count":18,"href":"https:\/\/arztpraxisigel.de\/igel\/wp-json\/wp\/v2\/pages\/707\/revisions"}],"predecessor-version":[{"id":712,"href":"https:\/\/arztpraxisigel.de\/igel\/wp-json\/wp\/v2\/pages\/707\/revisions\/712"}],"wp:attachment":[{"href":"https:\/\/arztpraxisigel.de\/igel\/wp-json\/wp\/v2\/media?parent=707"}],"curies":[{"name":"wp","href":"https:\/\/api.w.org\/{rel}","templated":true}]}}