{"id":933,"date":"2020-01-20T10:07:08","date_gmt":"2020-01-20T09:07:08","guid":{"rendered":"https:\/\/arztpraxisigel.de\/igel\/?page_id=933"},"modified":"2024-05-16T19:52:10","modified_gmt":"2024-05-16T17:52:10","slug":"mami","status":"publish","type":"page","link":"https:\/\/arztpraxisigel.de\/igel\/unser-team\/mami\/","title":{"rendered":"Mami"},"content":{"rendered":"<p><img decoding=\"async\" loading=\"lazy\" src=\"https:\/\/arztpraxisigel.de\/wp-content\/uploads\/2024\/01\/mami-961x451-1.jpg\" alt=\"\" width=\"961\" height=\"451\" class=\"alignleft size-full wp-image-225\" \/><\/p>\n<h2>\n&nbsp;<br \/>\n&nbsp;<br \/>\nMami<\/h2>\n<p>Ballett- und Pilateslehrerin,<br \/>\ngeboren und aufgewachsen in Tokio,<br \/>\nhat mehrere Jahre ihrer Jugendzeit in England\/London auf einer renommierten Ballettschule verbracht,<br \/>\ninternationale Lizenz zur Pilatestrainerin, hat Erfahrungen mit rehabilitativem Pilatestraining,<br \/>\ndie Zusammenarbeit mit unserer Praxis besteht schon einige Jahre, indessen fest angestellt wegen ihrer einzigartigen Herangehensweise, effektive \u00dcbungen f\u00fcr das Eigentraining zu vermitteln (und das auch mit viel Spa\u00df!)<br \/>\n&nbsp;<br \/>\nSprachen: flie\u00dfend englisch, und nat\u00fcrlich japanisch \ud83d\ude42 , deutsch wird immer besser!<br \/>\n&nbsp;<br \/>\n\u00dcbrings, Mami gibt auch online-Kurse f\u00fcr Pilates, auch arbeitet sie noch freiberuflich als Pilates-Trainerin. Es k\u00f6nnen auch jederzeit Stunden privat bei ihr gebucht werden. Fragen Sie einfach bei uns in der Praxis nach.<\/p>\n<p>&nbsp;<br \/>\n&nbsp;<br \/>\n&nbsp;<br \/>\n&nbsp;<br \/>\n&nbsp;<br \/>\n&nbsp;<br \/>\n&nbsp;<br \/>\n&nbsp;<br \/>\n&nbsp;<br \/>\n&nbsp;<br \/>\n&nbsp;<br \/>\n&nbsp;<br \/>\n&nbsp;<br \/>\n&nbsp;<\/p>\n","protected":false},"excerpt":{"rendered":"<p>&nbsp; &nbsp; Mami Ballett- und Pilateslehrerin, geboren und aufgewachsen in Tokio, hat mehrere Jahre ihrer Jugendzeit in England\/London auf einer renommierten Ballettschule verbracht, internationale Lizenz zur Pilatestrainerin, hat Erfahrungen mit rehabilitativem Pilatestraining, die Zusammenarbeit mit unserer Praxis besteht schon einige Jahre, indessen fest angestellt wegen ihrer einzigartigen Herangehensweise, effektive \u00dcbungen f\u00fcr das Eigentraining zu vermitteln [&hellip;]<\/p>\n","protected":false},"author":1,"featured_media":0,"parent":16,"menu_order":14,"comment_status":"closed","ping_status":"closed","template":"","meta":[],"_links":{"self":[{"href":"https:\/\/arztpraxisigel.de\/igel\/wp-json\/wp\/v2\/pages\/933"}],"collection":[{"href":"https:\/\/arztpraxisigel.de\/igel\/wp-json\/wp\/v2\/pages"}],"about":[{"href":"https:\/\/arztpraxisigel.de\/igel\/wp-json\/wp\/v2\/types\/page"}],"author":[{"embeddable":true,"href":"https:\/\/arztpraxisigel.de\/igel\/wp-json\/wp\/v2\/users\/1"}],"replies":[{"embeddable":true,"href":"https:\/\/arztpraxisigel.de\/igel\/wp-json\/wp\/v2\/comments?post=933"}],"version-history":[{"count":11,"href":"https:\/\/arztpraxisigel.de\/igel\/wp-json\/wp\/v2\/pages\/933\/revisions"}],"predecessor-version":[{"id":1001,"href":"https:\/\/arztpraxisigel.de\/igel\/wp-json\/wp\/v2\/pages\/933\/revisions\/1001"}],"up":[{"embeddable":true,"href":"https:\/\/arztpraxisigel.de\/igel\/wp-json\/wp\/v2\/pages\/16"}],"wp:attachment":[{"href":"https:\/\/arztpraxisigel.de\/igel\/wp-json\/wp\/v2\/media?parent=933"}],"curies":[{"name":"wp","href":"https:\/\/api.w.org\/{rel}","templated":true}]}}