{"id":96,"date":"2017-03-03T10:49:12","date_gmt":"2017-03-03T09:49:12","guid":{"rendered":"http:\/\/arztpraxisigel.de\/igel\/?page_id=96"},"modified":"2018-05-28T13:43:58","modified_gmt":"2018-05-28T11:43:58","slug":"links","status":"publish","type":"page","link":"https:\/\/arztpraxisigel.de\/igel\/links\/","title":{"rendered":"links"},"content":{"rendered":"<h2>\n&nbsp;<br \/>\n&nbsp;<br \/>\nLinks<\/h2>\n<p>Physiowerk-Berlin <a class=\"link2\" href=\"http:\/\/www.physiowerk-berlin.de\">www.physiowerk-berlin.de<\/a><\/p>\n<p>&nbsp;<\/p>\n<p>Praxis f\u00fcr Gesundheit <a class=\"link2\" href=\"http:\/\/www.praxis-f\u00fcr-physiotherapie-berlin.de\">www.praxis-f\u00fcr-physiotherapie-berlin.de<\/a><\/p>\n<p>&nbsp;<\/p>\n<p>Body Making Pilates <a class=\"link2\" href=\"http:\/\/www.bodymakingpilates.com\">www.bodymakingpilates.com<\/a><\/p>\n<p>&nbsp;<br \/>\nIntegratives Versorgungszentrum R\u00fcckenschmerz <a class=\"link2\" href=\"http:\/\/www.berliner-rueckenschmerz-zentrum.de\">www.berliner-rueckenschmerz-zentrum.de<\/a><\/p>\n","protected":false},"excerpt":{"rendered":"<p>&nbsp; &nbsp; Links Physiowerk-Berlin www.physiowerk-berlin.de &nbsp; Praxis f\u00fcr Gesundheit www.praxis-f\u00fcr-physiotherapie-berlin.de &nbsp; Body Making Pilates www.bodymakingpilates.com &nbsp; Integratives Versorgungszentrum R\u00fcckenschmerz www.berliner-rueckenschmerz-zentrum.de<\/p>\n","protected":false},"author":1,"featured_media":0,"parent":0,"menu_order":20,"comment_status":"closed","ping_status":"closed","template":"","meta":[],"_links":{"self":[{"href":"https:\/\/arztpraxisigel.de\/igel\/wp-json\/wp\/v2\/pages\/96"}],"collection":[{"href":"https:\/\/arztpraxisigel.de\/igel\/wp-json\/wp\/v2\/pages"}],"about":[{"href":"https:\/\/arztpraxisigel.de\/igel\/wp-json\/wp\/v2\/types\/page"}],"author":[{"embeddable":true,"href":"https:\/\/arztpraxisigel.de\/igel\/wp-json\/wp\/v2\/users\/1"}],"replies":[{"embeddable":true,"href":"https:\/\/arztpraxisigel.de\/igel\/wp-json\/wp\/v2\/comments?post=96"}],"version-history":[{"count":38,"href":"https:\/\/arztpraxisigel.de\/igel\/wp-json\/wp\/v2\/pages\/96\/revisions"}],"predecessor-version":[{"id":705,"href":"https:\/\/arztpraxisigel.de\/igel\/wp-json\/wp\/v2\/pages\/96\/revisions\/705"}],"wp:attachment":[{"href":"https:\/\/arztpraxisigel.de\/igel\/wp-json\/wp\/v2\/media?parent=96"}],"curies":[{"name":"wp","href":"https:\/\/api.w.org\/{rel}","templated":true}]}}